{"id":79,"date":"2020-01-11T19:50:40","date_gmt":"2020-01-11T19:50:40","guid":{"rendered":"http:\/\/fitnessbarocklossburg.de\/?page_id=79"},"modified":"2020-01-11T19:50:40","modified_gmt":"2020-01-11T19:50:40","slug":"impressum","status":"publish","type":"page","link":"http:\/\/fitnessbarocklossburg.de\/?page_id=79","title":{"rendered":"Impressum"},"content":{"rendered":"\n<p>Fitness Barock<\/p>\n\n\n\n<p>75417 M\u00fchlacker<\/p>\n\n\n\n<p>Kisslingweg 47<\/p>\n\n\n\n<p>\u00a0\u00a0\u00a0\u00a0\u00a0\u00a0\u00a0\u00a0\u00a0\u00a0\u00a0\u00a0\u00a0\u00a0\u00a0\u00a0\u00a0\u00a0\u00a0\u00a0\u00a0\u00a0<br>Telefon: 0177\/7871717<br>E-Mail-Adresse: info@fitnessbarock.de<br>Gesch\u00e4ftsf\u00fchrer\/ Vorst\u00e4nde\/ Gesellschafter\/ Komplement\u00e4r: Viktor Grummet Einzelunternehmen<br>Umsatzsteuer-Identifikationsnummer:DE315316649<br>Inhaltlich verantwortlich: Viktor Grummet<br><\/p>\n\n\n\n<p>Der\n Autor \u00fcbernimmt keinerlei Gew\u00e4hr f\u00fcr die Aktualit\u00e4t, Richtigkeit und \nVollst\u00e4ndigkeit der bereitgestellten Informationen auf unserer Website. \nHaftungsanspr\u00fcche gegen den Autor, welche sich auf Sch\u00e4den materieller \noder ideeller Art beziehen, die durch die Nutzung oder Nichtnutzung der \ndargebotenen Informationen bzw. durch die Nutzung fehlerhafter und \nunvollst\u00e4ndiger Informationen verursacht wurden, sind grunds\u00e4tzlich \nausgeschlossen, sofern seitens des Autors kein nachweislich \nvors\u00e4tzliches oder grob fahrl\u00e4ssiges Verschulden vorliegt. Alle Angebote\n sind freibleibend und unverbindlich. Der Autor beh\u00e4lt es sich \nausdr\u00fccklich vor, Teile der Seiten oder das gesamte Angebot ohne \ngesonderte Ank\u00fcndigung zu ver\u00e4ndern, zu erg\u00e4nzen, zu l\u00f6schen oder die \nVer\u00f6ffentlichung zeitweise oder endg\u00fcltig einzustellen.<\/p>\n\n\n\n<h1>Haftungsausschluss <br><\/h1>\n\n\n\n<h2>Haftung f\u00fcr Inhalte<\/h2>\n\n\n\n<p>Als\n Diensteanbieter sind wir gem\u00e4\u00df \u00a7 7 Abs.1 TMG f\u00fcr eigene Inhalte auf \ndiesen Seiten nach den allgemeinen Gesetzen verantwortlich. Nach \u00a7\u00a7 8 \nbis 10 TMG sind wir als Diensteanbieter jedoch nicht verpflichtet, \n\u00fcbermittelte oder gespeicherte fremde Informationen zu \u00fcberwachen oder \nnach Umst\u00e4nden zu forschen, die auf eine rechtswidrige T\u00e4tigkeit \nhinweisen.<\/p>\n\n\n\n<p>Verpflichtungen zur Entfernung oder Sperrung der \nNutzung von Informationen nach den allgemeinen Gesetzen bleiben hiervon \nunber\u00fchrt. Eine diesbez\u00fcgliche Haftung ist jedoch erst ab dem Zeitpunkt \nder Kenntnis einer konkreten Rechtsverletzung m\u00f6glich. Bei Bekanntwerden\n von entsprechenden Rechtsverletzungen werden wir diese Inhalte umgehend\n entfernen.<\/p>\n\n\n\n<h2>Haftung f\u00fcr Links<\/h2>\n\n\n\n<p>Unser Angebot enth\u00e4lt Links \nzu externen Webseiten Dritter, auf deren Inhalte wir keinen Einfluss \nhaben. Deshalb k\u00f6nnen wir f\u00fcr diese fremden Inhalte auch keine Gew\u00e4hr \n\u00fcbernehmen. F\u00fcr die Inhalte der verlinkten Seiten ist stets der \njeweilige Anbieter oder Betreiber der Seiten verantwortlich. Die \nverlinkten Seiten wurden zum Zeitpunkt der Verlinkung auf m\u00f6gliche \nRechtsverst\u00f6\u00dfe \u00fcberpr\u00fcft. Rechtswidrige Inhalte waren zum Zeitpunkt der \nVerlinkung nicht erkennbar.<\/p>\n\n\n\n<p>Eine permanente inhaltliche Kontrolle \nder verlinkten Seiten ist jedoch ohne konkrete Anhaltspunkte einer \nRechtsverletzung nicht zumutbar. Bei Bekanntwerden von \nRechtsverletzungen werden wir derartige Links umgehend entfernen.<\/p>\n\n\n\n<h2>Urheberrecht<\/h2>\n\n\n\n<p>Die\n durch die Seitenbetreiber erstellten Inhalte und Werke auf diesen \nSeiten unterliegen dem deutschen Urheberrecht. Die Vervielf\u00e4ltigung, \nBearbeitung, Verbreitung und jede Art der Verwertung au\u00dferhalb der \nGrenzen des Urheberrechtes bed\u00fcrfen der schriftlichen Zustimmung des \njeweiligen Autors bzw. Erstellers. Downloads und Kopien dieser Seite \nsind nur f\u00fcr den privaten, nicht kommerziellen Gebrauch gestattet.<\/p>\n\n\n\n<p>Soweit\n die Inhalte auf dieser Seite nicht vom Betreiber erstellt wurden, \nwerden die Urheberrechte Dritter beachtet. Insbesondere werden Inhalte \nDritter als solche gekennzeichnet. Sollten Sie trotzdem auf eine \nUrheberrechtsverletzung aufmerksam werden, bitten wir um einen \nentsprechenden Hinweis. Bei Bekanntwerden von Rechtsverletzungen werden \nwir derartige Inhalte umgehend entfernen.<\/p>\n","protected":false},"excerpt":{"rendered":"<p>Fitness Barock 75417 M\u00fchlacker Kisslingweg 47 \u00a0\u00a0\u00a0\u00a0\u00a0\u00a0\u00a0\u00a0\u00a0\u00a0\u00a0\u00a0\u00a0\u00a0\u00a0\u00a0\u00a0\u00a0\u00a0\u00a0\u00a0\u00a0Telefon: 0177\/7871717E-Mail-Adresse: info@fitnessbarock.deGesch\u00e4ftsf\u00fchrer\/ Vorst\u00e4nde\/ Gesellschafter\/ Komplement\u00e4r: Viktor Grummet EinzelunternehmenUmsatzsteuer-Identifikationsnummer:DE315316649Inhaltlich verantwortlich: Viktor Grummet Der Autor \u00fcbernimmt keinerlei Gew\u00e4hr f\u00fcr die Aktualit\u00e4t, Richtigkeit und Vollst\u00e4ndigkeit der bereitgestellten Informationen auf unserer Website. Haftungsanspr\u00fcche gegen den Autor, welche sich auf Sch\u00e4den materieller oder ideeller Art beziehen, die durch die Nutzung oder Nichtnutzung der [&hellip;]<\/p>\n","protected":false},"author":1,"featured_media":0,"parent":0,"menu_order":0,"comment_status":"closed","ping_status":"closed","template":"","meta":[],"_links":{"self":[{"href":"http:\/\/fitnessbarocklossburg.de\/index.php?rest_route=\/wp\/v2\/pages\/79"}],"collection":[{"href":"http:\/\/fitnessbarocklossburg.de\/index.php?rest_route=\/wp\/v2\/pages"}],"about":[{"href":"http:\/\/fitnessbarocklossburg.de\/index.php?rest_route=\/wp\/v2\/types\/page"}],"author":[{"embeddable":true,"href":"http:\/\/fitnessbarocklossburg.de\/index.php?rest_route=\/wp\/v2\/users\/1"}],"replies":[{"embeddable":true,"href":"http:\/\/fitnessbarocklossburg.de\/index.php?rest_route=%2Fwp%2Fv2%2Fcomments&post=79"}],"version-history":[{"count":1,"href":"http:\/\/fitnessbarocklossburg.de\/index.php?rest_route=\/wp\/v2\/pages\/79\/revisions"}],"predecessor-version":[{"id":80,"href":"http:\/\/fitnessbarocklossburg.de\/index.php?rest_route=\/wp\/v2\/pages\/79\/revisions\/80"}],"wp:attachment":[{"href":"http:\/\/fitnessbarocklossburg.de\/index.php?rest_route=%2Fwp%2Fv2%2Fmedia&parent=79"}],"curies":[{"name":"wp","href":"https:\/\/api.w.org\/{rel}","templated":true}]}}